{"id":290,"date":"2023-11-17T12:16:21","date_gmt":"2023-11-17T11:16:21","guid":{"rendered":"https:\/\/notartrebisov.sk\/sluzby\/2-dane-z-prijmu-a-notarsky-centralny-register-urcenych-pravnickych-osob\/"},"modified":"2023-12-11T11:04:21","modified_gmt":"2023-12-11T10:04:21","slug":"2-of-income-tax-and-the-notarial-central-register-of-designated-legal-entities","status":"publish","type":"page","link":"https:\/\/notartrebisov.sk\/en\/services\/2-of-income-tax-and-the-notarial-central-register-of-designated-legal-entities\/","title":{"rendered":"2% of Income Tax and the Notarial Central Register of Designated Legal Entities"},"content":{"rendered":"<p><div class=\"fusion-fullwidth fullwidth-box fusion-builder-row-1 fusion-flex-container has-pattern-background has-mask-background nonhundred-percent-fullwidth non-hundred-percent-height-scrolling\" style=\"--awb-border-radius-top-left:0px;--awb-border-radius-top-right:0px;--awb-border-radius-bottom-right:0px;--awb-border-radius-bottom-left:0px;--awb-flex-wrap:wrap;\" ><div class=\"fusion-builder-row fusion-row fusion-flex-align-items-flex-start fusion-flex-content-wrap\" style=\"max-width:1248px;margin-left: calc(-4% \/ 2 );margin-right: calc(-4% \/ 2 );\"><div class=\"fusion-layout-column fusion_builder_column fusion-builder-column-0 fusion_builder_column_1_1 1_1 fusion-flex-column\" style=\"--awb-bg-size:cover;--awb-width-large:100%;--awb-margin-top-large:0px;--awb-spacing-right-large:1.92%;--awb-margin-bottom-large:20px;--awb-spacing-left-large:1.92%;--awb-width-medium:100%;--awb-order-medium:0;--awb-spacing-right-medium:1.92%;--awb-spacing-left-medium:1.92%;--awb-width-small:100%;--awb-order-small:0;--awb-spacing-right-small:1.92%;--awb-spacing-left-small:1.92%;\"><div class=\"fusion-column-wrapper fusion-column-has-shadow fusion-flex-justify-content-flex-start fusion-content-layout-column\"><div class=\"fusion-text fusion-text-1\" style=\"--awb-content-alignment:center;\"><h3 class=\"service-h fusion-responsive-typography-calculated\" style=\"--fontsize: 36; line-height: 1.2;\" data-fontsize=\"36\" data-lineheight=\"43.2px\">2% of Income Tax and the Notarial Central Register of Designated Legal Entities<\/h3>\n<\/div><\/div><\/div><\/div><\/div><div class=\"fusion-fullwidth fullwidth-box fusion-builder-row-2 fusion-flex-container has-pattern-background has-mask-background nonhundred-percent-fullwidth non-hundred-percent-height-scrolling\" style=\"--awb-border-radius-top-left:0px;--awb-border-radius-top-right:0px;--awb-border-radius-bottom-right:0px;--awb-border-radius-bottom-left:0px;--awb-flex-wrap:wrap;\" ><div class=\"fusion-builder-row fusion-row fusion-flex-align-items-flex-start fusion-flex-content-wrap\" style=\"max-width:1248px;margin-left: calc(-4% \/ 2 );margin-right: calc(-4% \/ 2 );\"><div class=\"fusion-layout-column fusion_builder_column fusion-builder-column-1 fusion_builder_column_1_1 1_1 fusion-flex-column\" style=\"--awb-bg-size:cover;--awb-width-large:100%;--awb-margin-top-large:0px;--awb-spacing-right-large:1.92%;--awb-margin-bottom-large:20px;--awb-spacing-left-large:1.92%;--awb-width-medium:100%;--awb-order-medium:0;--awb-spacing-right-medium:1.92%;--awb-spacing-left-medium:1.92%;--awb-width-small:100%;--awb-order-small:0;--awb-spacing-right-small:1.92%;--awb-spacing-left-small:1.92%;\"><div class=\"fusion-column-wrapper fusion-column-has-shadow fusion-flex-justify-content-flex-start fusion-content-layout-column\"><div class=\"fusion-text fusion-text-2\"><p>Every applicant applying for 2 per cent of income tax must register with the Notarial Central Register of Designated Legal Entities at a notarial office. Such applicant must meet the requirements prescribed by law and submit the necessary documents to the notary. Without these documents registration is not possible.<\/p>\n<p>Detailed answers to questions relating registration can be found at the homepage of the Slovak Chamber of Notaries (Not\u00e1rska komora SR) &#8211;&nbsp;<a href=\"http:\/\/www.notar.sk\/%C3%9Avod\/Not%C3%A1rskecentr%C3%A1lneregistre\/Ot%C3%A1zkyaodpovede-2percent%C3%A1.aspx\"><u><b>questions and answers<\/b><\/u><\/a>.<\/p>\n<p><em>Necessary documents:<\/em><\/p>\n<ol>\n<li><em>Decision on Registration, i.e. on establishment of an organisation with legal subjectivity (Articles of Association registered by the Slovak Ministry of Interior serve as document on registration), including Confirmation of Allotment of Company Number (I\u010cO), while the applicant must be incorporated not later than by the end of 2015.<\/em><\/li>\n<li><em>Confirmation of the Slovak Social Insurance Company (Soci\u00e1lna pois\u0165ov\u0148a SR) not older than 30 days, regarding the fact that the applicant has no arrears in respect of payments for sickness insurance, pension\/old-age welfare. If the applicant has no employees, a confirmation of the Social Insurance Company is needed regarding the fact that the applicant is not listed in the registry, and thus the applicant is not subject to the duty for making payments\/contributions in respect of sickness and pension insurance.<\/em><\/li>\n<li><em>Confirmation from the relevant health insurance company not older than 30 days, regarding the fact that the applicant has no arrears in respect of payments for sickness insurance, from those particular insurance companies where the applicant&#8217;s employees are insured. In case of several health insurance companies (where the employees are insured), confirmations from all of them are required. In case the applicant has no employees, this confirmation is not needed to be submitted.<\/em><\/li>\n<li><em>Confirmation of a bank on maintaining account and the applicant&#8217;s bank account number, to which 2 per cent of the tax is to be remitted, not older than 30 days. Submitting bank account statement is not sufficient.<\/em><\/li>\n<li><em>Articles of Association of a legal entity applying for registration.<\/em><\/li>\n<li><em>Valid identification card\/document of the legal entity&#8217;s representative (statutory person) &#8211; e.g. ID card, passport, permit for long-term stay of foreign nationals (driver&#8217;s license , police confirmation on ID card hand-over and application for the issuance of a new ID card, health insurance card do not serve as identity cards)<\/em><\/li>\n<\/ol>\n<\/div><\/div><\/div><\/div><\/div><\/p>\n","protected":false},"excerpt":{"rendered":"","protected":false},"author":1,"featured_media":0,"parent":289,"menu_order":0,"comment_status":"closed","ping_status":"closed","template":"100-width.php","meta":{"footnotes":""},"class_list":["post-290","page","type-page","status-publish","hentry"],"yoast_head":"<!-- This site is optimized with the Yoast SEO plugin v27.4 - https:\/\/yoast.com\/product\/yoast-seo-wordpress\/ -->\n<title>2% of Income Tax and the Notarial Central Register of Designated Legal Entities - Not\u00e1rsky \u00farad<\/title>\n<meta name=\"robots\" content=\"index, follow, max-snippet:-1, max-image-preview:large, max-video-preview:-1\" \/>\n<link rel=\"canonical\" href=\"https:\/\/notartrebisov.sk\/en\/services\/2-of-income-tax-and-the-notarial-central-register-of-designated-legal-entities\/\" \/>\n<meta property=\"og:locale\" content=\"en_US\" \/>\n<meta property=\"og:type\" content=\"article\" \/>\n<meta property=\"og:title\" content=\"2% of Income Tax and the Notarial Central Register of Designated Legal Entities - Not\u00e1rsky \u00farad\" \/>\n<meta property=\"og:url\" content=\"https:\/\/notartrebisov.sk\/en\/services\/2-of-income-tax-and-the-notarial-central-register-of-designated-legal-entities\/\" \/>\n<meta property=\"og:site_name\" content=\"Not\u00e1rsky \u00farad\" \/>\n<meta property=\"article:publisher\" content=\"https:\/\/www.facebook.com\/p\/Not%c3%a1rsky-%c3%barad-JUDr-Martin-Seleck%c3%bd-a-JUDr-Zuzana-Sabov%c3%a1-100063483075999\/\" \/>\n<meta property=\"article:modified_time\" content=\"2023-12-11T10:04:21+00:00\" \/>\n<meta name=\"twitter:card\" content=\"summary_large_image\" \/>\n<meta name=\"twitter:label1\" content=\"Est. reading time\" \/>\n\t<meta name=\"twitter:data1\" content=\"7 minutes\" \/>\n<script type=\"application\/ld+json\" class=\"yoast-schema-graph\">{\"@context\":\"https:\\\/\\\/schema.org\",\"@graph\":[{\"@type\":\"WebPage\",\"@id\":\"https:\\\/\\\/notartrebisov.sk\\\/en\\\/services\\\/2-of-income-tax-and-the-notarial-central-register-of-designated-legal-entities\\\/\",\"url\":\"https:\\\/\\\/notartrebisov.sk\\\/en\\\/services\\\/2-of-income-tax-and-the-notarial-central-register-of-designated-legal-entities\\\/\",\"name\":\"2% of Income Tax and the Notarial Central Register of Designated Legal Entities - Not\u00e1rsky \u00farad\",\"isPartOf\":{\"@id\":\"https:\\\/\\\/notartrebisov.sk\\\/#website\"},\"datePublished\":\"2023-11-17T11:16:21+00:00\",\"dateModified\":\"2023-12-11T10:04:21+00:00\",\"breadcrumb\":{\"@id\":\"https:\\\/\\\/notartrebisov.sk\\\/en\\\/services\\\/2-of-income-tax-and-the-notarial-central-register-of-designated-legal-entities\\\/#breadcrumb\"},\"inLanguage\":\"en-US\",\"potentialAction\":[{\"@type\":\"ReadAction\",\"target\":[\"https:\\\/\\\/notartrebisov.sk\\\/en\\\/services\\\/2-of-income-tax-and-the-notarial-central-register-of-designated-legal-entities\\\/\"]}]},{\"@type\":\"BreadcrumbList\",\"@id\":\"https:\\\/\\\/notartrebisov.sk\\\/en\\\/services\\\/2-of-income-tax-and-the-notarial-central-register-of-designated-legal-entities\\\/#breadcrumb\",\"itemListElement\":[{\"@type\":\"ListItem\",\"position\":1,\"name\":\"Home\",\"item\":\"https:\\\/\\\/notartrebisov.sk\\\/en\\\/\"},{\"@type\":\"ListItem\",\"position\":2,\"name\":\"Services\",\"item\":\"https:\\\/\\\/notartrebisov.sk\\\/en\\\/services\\\/\"},{\"@type\":\"ListItem\",\"position\":3,\"name\":\"2% of Income Tax and the Notarial Central Register of Designated Legal Entities\"}]},{\"@type\":\"WebSite\",\"@id\":\"https:\\\/\\\/notartrebisov.sk\\\/#website\",\"url\":\"https:\\\/\\\/notartrebisov.sk\\\/\",\"name\":\"Not\u00e1r Trebi\u0161ov\",\"description\":\"JUDr. Martin Seleck\u00fd a JUDr. Zuzana Sabov\u00e1\",\"publisher\":{\"@id\":\"https:\\\/\\\/notartrebisov.sk\\\/#organization\"},\"potentialAction\":[{\"@type\":\"SearchAction\",\"target\":{\"@type\":\"EntryPoint\",\"urlTemplate\":\"https:\\\/\\\/notartrebisov.sk\\\/?s={search_term_string}\"},\"query-input\":{\"@type\":\"PropertyValueSpecification\",\"valueRequired\":true,\"valueName\":\"search_term_string\"}}],\"inLanguage\":\"en-US\"},{\"@type\":\"Organization\",\"@id\":\"https:\\\/\\\/notartrebisov.sk\\\/#organization\",\"name\":\"Not\u00e1rsky \u00farad JUDr. Martin Seleck\u00fd a JUDr. Zuzana Sabov\u00e1\",\"url\":\"https:\\\/\\\/notartrebisov.sk\\\/\",\"logo\":{\"@type\":\"ImageObject\",\"inLanguage\":\"en-US\",\"@id\":\"https:\\\/\\\/notartrebisov.sk\\\/#\\\/schema\\\/logo\\\/image\\\/\",\"url\":\"https:\\\/\\\/notartrebisov.sk\\\/wp-content\\\/uploads\\\/2023\\\/11\\\/logo.jpg\",\"contentUrl\":\"https:\\\/\\\/notartrebisov.sk\\\/wp-content\\\/uploads\\\/2023\\\/11\\\/logo.jpg\",\"width\":130,\"height\":130,\"caption\":\"Not\u00e1rsky \u00farad JUDr. Martin Seleck\u00fd a JUDr. Zuzana Sabov\u00e1\"},\"image\":{\"@id\":\"https:\\\/\\\/notartrebisov.sk\\\/#\\\/schema\\\/logo\\\/image\\\/\"},\"sameAs\":[\"https:\\\/\\\/www.facebook.com\\\/p\\\/Not\u00e1rsky-\u00farad-JUDr-Martin-Seleck\u00fd-a-JUDr-Zuzana-Sabov\u00e1-100063483075999\\\/\"]}]}<\/script>\n<!-- \/ Yoast SEO plugin. -->","yoast_head_json":{"title":"2% of Income Tax and the Notarial Central Register of Designated Legal Entities - Not\u00e1rsky \u00farad","robots":{"index":"index","follow":"follow","max-snippet":"max-snippet:-1","max-image-preview":"max-image-preview:large","max-video-preview":"max-video-preview:-1"},"canonical":"https:\/\/notartrebisov.sk\/en\/services\/2-of-income-tax-and-the-notarial-central-register-of-designated-legal-entities\/","og_locale":"en_US","og_type":"article","og_title":"2% of Income Tax and the Notarial Central Register of Designated Legal Entities - Not\u00e1rsky \u00farad","og_url":"https:\/\/notartrebisov.sk\/en\/services\/2-of-income-tax-and-the-notarial-central-register-of-designated-legal-entities\/","og_site_name":"Not\u00e1rsky \u00farad","article_publisher":"https:\/\/www.facebook.com\/p\/Not%c3%a1rsky-%c3%barad-JUDr-Martin-Seleck%c3%bd-a-JUDr-Zuzana-Sabov%c3%a1-100063483075999\/","article_modified_time":"2023-12-11T10:04:21+00:00","twitter_card":"summary_large_image","twitter_misc":{"Est. reading time":"7 minutes"},"schema":{"@context":"https:\/\/schema.org","@graph":[{"@type":"WebPage","@id":"https:\/\/notartrebisov.sk\/en\/services\/2-of-income-tax-and-the-notarial-central-register-of-designated-legal-entities\/","url":"https:\/\/notartrebisov.sk\/en\/services\/2-of-income-tax-and-the-notarial-central-register-of-designated-legal-entities\/","name":"2% of Income Tax and the Notarial Central Register of Designated Legal Entities - Not\u00e1rsky \u00farad","isPartOf":{"@id":"https:\/\/notartrebisov.sk\/#website"},"datePublished":"2023-11-17T11:16:21+00:00","dateModified":"2023-12-11T10:04:21+00:00","breadcrumb":{"@id":"https:\/\/notartrebisov.sk\/en\/services\/2-of-income-tax-and-the-notarial-central-register-of-designated-legal-entities\/#breadcrumb"},"inLanguage":"en-US","potentialAction":[{"@type":"ReadAction","target":["https:\/\/notartrebisov.sk\/en\/services\/2-of-income-tax-and-the-notarial-central-register-of-designated-legal-entities\/"]}]},{"@type":"BreadcrumbList","@id":"https:\/\/notartrebisov.sk\/en\/services\/2-of-income-tax-and-the-notarial-central-register-of-designated-legal-entities\/#breadcrumb","itemListElement":[{"@type":"ListItem","position":1,"name":"Home","item":"https:\/\/notartrebisov.sk\/en\/"},{"@type":"ListItem","position":2,"name":"Services","item":"https:\/\/notartrebisov.sk\/en\/services\/"},{"@type":"ListItem","position":3,"name":"2% of Income Tax and the Notarial Central Register of Designated Legal Entities"}]},{"@type":"WebSite","@id":"https:\/\/notartrebisov.sk\/#website","url":"https:\/\/notartrebisov.sk\/","name":"Not\u00e1r Trebi\u0161ov","description":"JUDr. Martin Seleck\u00fd a JUDr. Zuzana Sabov\u00e1","publisher":{"@id":"https:\/\/notartrebisov.sk\/#organization"},"potentialAction":[{"@type":"SearchAction","target":{"@type":"EntryPoint","urlTemplate":"https:\/\/notartrebisov.sk\/?s={search_term_string}"},"query-input":{"@type":"PropertyValueSpecification","valueRequired":true,"valueName":"search_term_string"}}],"inLanguage":"en-US"},{"@type":"Organization","@id":"https:\/\/notartrebisov.sk\/#organization","name":"Not\u00e1rsky \u00farad JUDr. Martin Seleck\u00fd a JUDr. Zuzana Sabov\u00e1","url":"https:\/\/notartrebisov.sk\/","logo":{"@type":"ImageObject","inLanguage":"en-US","@id":"https:\/\/notartrebisov.sk\/#\/schema\/logo\/image\/","url":"https:\/\/notartrebisov.sk\/wp-content\/uploads\/2023\/11\/logo.jpg","contentUrl":"https:\/\/notartrebisov.sk\/wp-content\/uploads\/2023\/11\/logo.jpg","width":130,"height":130,"caption":"Not\u00e1rsky \u00farad JUDr. Martin Seleck\u00fd a JUDr. Zuzana Sabov\u00e1"},"image":{"@id":"https:\/\/notartrebisov.sk\/#\/schema\/logo\/image\/"},"sameAs":["https:\/\/www.facebook.com\/p\/Not\u00e1rsky-\u00farad-JUDr-Martin-Seleck\u00fd-a-JUDr-Zuzana-Sabov\u00e1-100063483075999\/"]}]}},"_links":{"self":[{"href":"https:\/\/notartrebisov.sk\/en\/wp-json\/wp\/v2\/pages\/290","targetHints":{"allow":["GET"]}}],"collection":[{"href":"https:\/\/notartrebisov.sk\/en\/wp-json\/wp\/v2\/pages"}],"about":[{"href":"https:\/\/notartrebisov.sk\/en\/wp-json\/wp\/v2\/types\/page"}],"author":[{"embeddable":true,"href":"https:\/\/notartrebisov.sk\/en\/wp-json\/wp\/v2\/users\/1"}],"replies":[{"embeddable":true,"href":"https:\/\/notartrebisov.sk\/en\/wp-json\/wp\/v2\/comments?post=290"}],"version-history":[{"count":2,"href":"https:\/\/notartrebisov.sk\/en\/wp-json\/wp\/v2\/pages\/290\/revisions"}],"predecessor-version":[{"id":396,"href":"https:\/\/notartrebisov.sk\/en\/wp-json\/wp\/v2\/pages\/290\/revisions\/396"}],"up":[{"embeddable":true,"href":"https:\/\/notartrebisov.sk\/en\/wp-json\/wp\/v2\/pages\/289"}],"wp:attachment":[{"href":"https:\/\/notartrebisov.sk\/en\/wp-json\/wp\/v2\/media?parent=290"}],"curies":[{"name":"wp","href":"https:\/\/api.w.org\/{rel}","templated":true}]}}