{"id":294,"date":"2023-11-17T12:16:48","date_gmt":"2023-11-17T11:16:48","guid":{"rendered":"https:\/\/notartrebisov.sk\/sluzby\/listina-pre-pripad-smrti\/"},"modified":"2023-12-11T10:57:48","modified_gmt":"2023-12-11T09:57:48","slug":"document-in-case-of-death","status":"publish","type":"page","link":"https:\/\/notartrebisov.sk\/en\/services\/document-in-case-of-death\/","title":{"rendered":"Document in case of death"},"content":{"rendered":"<p><div class=\"fusion-fullwidth fullwidth-box fusion-builder-row-1 fusion-flex-container has-pattern-background has-mask-background nonhundred-percent-fullwidth non-hundred-percent-height-scrolling\" style=\"--awb-border-radius-top-left:0px;--awb-border-radius-top-right:0px;--awb-border-radius-bottom-right:0px;--awb-border-radius-bottom-left:0px;--awb-flex-wrap:wrap;\" ><div class=\"fusion-builder-row fusion-row fusion-flex-align-items-flex-start fusion-flex-content-wrap\" style=\"max-width:1248px;margin-left: calc(-4% \/ 2 );margin-right: calc(-4% \/ 2 );\"><div class=\"fusion-layout-column fusion_builder_column fusion-builder-column-0 fusion_builder_column_1_1 1_1 fusion-flex-column\" style=\"--awb-bg-size:cover;--awb-width-large:100%;--awb-margin-top-large:0px;--awb-spacing-right-large:1.92%;--awb-margin-bottom-large:20px;--awb-spacing-left-large:1.92%;--awb-width-medium:100%;--awb-order-medium:0;--awb-spacing-right-medium:1.92%;--awb-spacing-left-medium:1.92%;--awb-width-small:100%;--awb-order-small:0;--awb-spacing-right-small:1.92%;--awb-spacing-left-small:1.92%;\"><div class=\"fusion-column-wrapper fusion-column-has-shadow fusion-flex-justify-content-flex-start fusion-content-layout-column\"><div class=\"fusion-text fusion-text-1\" style=\"--awb-content-alignment:center;\"><h3 class=\"service-h fusion-responsive-typography-calculated\" style=\"--fontsize: 36; line-height: 1.2;\" data-fontsize=\"36\" data-lineheight=\"43.2px\">Document in case of death<\/h3>\n<\/div><\/div><\/div><\/div><\/div><div class=\"fusion-fullwidth fullwidth-box fusion-builder-row-2 fusion-flex-container has-pattern-background has-mask-background nonhundred-percent-fullwidth non-hundred-percent-height-scrolling\" style=\"--awb-border-radius-top-left:0px;--awb-border-radius-top-right:0px;--awb-border-radius-bottom-right:0px;--awb-border-radius-bottom-left:0px;--awb-flex-wrap:wrap;\" ><div class=\"fusion-builder-row fusion-row fusion-flex-align-items-flex-start fusion-flex-content-wrap\" style=\"max-width:1248px;margin-left: calc(-4% \/ 2 );margin-right: calc(-4% \/ 2 );\"><div class=\"fusion-layout-column fusion_builder_column fusion-builder-column-1 fusion_builder_column_1_1 1_1 fusion-flex-column\" style=\"--awb-bg-size:cover;--awb-width-large:100%;--awb-margin-top-large:0px;--awb-spacing-right-large:1.92%;--awb-margin-bottom-large:20px;--awb-spacing-left-large:1.92%;--awb-width-medium:100%;--awb-order-medium:0;--awb-spacing-right-medium:1.92%;--awb-spacing-left-medium:1.92%;--awb-width-small:100%;--awb-order-small:0;--awb-spacing-right-small:1.92%;--awb-spacing-left-small:1.92%;\"><div class=\"fusion-column-wrapper fusion-column-has-shadow fusion-flex-justify-content-flex-start fusion-content-layout-column\"><div class=\"fusion-text fusion-text-2\"><ol class=\"bold\">\n<li>We provide full legal counselling in respect of drawing up a testament, documents on disinheriting, statement on selection of governing law, distribution of property between the heirs, as well as relating its pros and contras<\/li>\n<li>We can draw up testaments, documents on disinheritance, statement on selected governing law in the form of a public document &#8211; notarial deed<\/li>\n<li>We can take testament and document on disinheriting into notarial escrow<\/li>\n<li>We can deposit documents at the Notarial Central Register of Testaments (thus preventing from their loss, destruction and ensuring their presence at the succession procedure)<\/li>\n<\/ol>\n<h6><u><b>Testament:<\/b><\/u><\/h6>\n<p>The Slovak legal order distinguishes intestate succession, testamentary succession, or their combination.<\/p>\n<p>Last will (testament) is a legal act in which the testator constitutes his\/her heir, eventually specifies portion of the heirs, or rights in rem they are to acquire.<\/p>\n<p>Upon drawing up a testament the testator can solve his\/her property issues in case of his\/her death and thus avoid eventual disputes during succession procedure itself in an effective way.<\/p>\n<p>If you decided to draw up a testament, you should consider the formal elements\/requirements that must be met in order to be valid. The best choice is to visit a notary who is professionally capable for providing useful advices, and helping you at drawing up the testament itself.<\/p>\n<p>A testament written in the form of a notarial deed is a public document that has a more powerful proving effect than any other contractual agreements. If the document is written by a notary, it is supposed to contain all elements &#8211; whether from formal or contentual point of view &#8211; prescribed by law in order to be valid. It is a kind of a protection from eventual contest of the document by the descendants at the court.<\/p>\n<p>A testament written by a notary is never lost and always appears during succession procedure, since it is registered at the Notarial Central Registry of Testaments that is always screened.<\/p>\n<h6><u><b>Document on disinheriting:<\/b><\/u><\/h6>\n<p>By drawing up a document on disinheriting the testator &#8211; in cases prescribed by law &#8211; can exclude persons from inheriting. The disinherited descendants are not to become heirs and do not enter into succession-related relationships.<\/p>\n<p>Legal grounds for disinheriting are specified by Section 469a of the Civil Code as follows:<\/p>\n<p>1. If the heir&#8217;s behaviour is in conflict with good morals and if the heir failed to provide the testator with necessary assistance in sickness, old age or in other serious cases<br \/>2. If the heir is not interested in the testator in a way he\/she should be as a descendant<br \/>3. If the heir was convicted for crime committed intentionally for sentence of imprisonment not exceeding one year<br \/>4. If the heir lives permanently an unorganized life<\/p>\n<p>For the formal elements of the document apply identical requirements as in case of a testament<\/p>\n<p>If a document fails to contain all the above-mentioned formal elements, it is invalid. Identically, if a document fails to contain the required contentual elements, it is invalid.<\/p>\n<p>As in the case of a testament the best way is to visit a notary who can provide you with advice and draw up a document on disinheriting in the form of a notarial deed, consequently registered at the Notarial Central Register of Testaments.<\/p>\n<h6><u><b>Statement on selection of governing law:<\/b><\/u><\/h6>\n<p>A citizen of the European Union has the option to arrange his\/her inheritance within the European Union in advance, except others, by choosing the governing law that shall govern succession of his\/her entire inheritance, by choosing legal order of the country of which national he\/she is at the time of choosing it or at the time of his\/her death.<\/p>\n<\/div><\/div><\/div><\/div><\/div><\/p>\n","protected":false},"excerpt":{"rendered":"","protected":false},"author":1,"featured_media":0,"parent":289,"menu_order":0,"comment_status":"closed","ping_status":"closed","template":"100-width.php","meta":{"footnotes":""},"class_list":["post-294","page","type-page","status-publish","hentry"],"yoast_head":"<!-- This site is optimized with the Yoast SEO plugin v27.4 - https:\/\/yoast.com\/product\/yoast-seo-wordpress\/ -->\n<title>Document in case of death - Not\u00e1rsky \u00farad<\/title>\n<meta name=\"robots\" content=\"index, follow, max-snippet:-1, max-image-preview:large, max-video-preview:-1\" \/>\n<link rel=\"canonical\" href=\"https:\/\/notartrebisov.sk\/en\/services\/document-in-case-of-death\/\" \/>\n<meta property=\"og:locale\" content=\"en_US\" \/>\n<meta property=\"og:type\" content=\"article\" \/>\n<meta property=\"og:title\" content=\"Document in case of death - Not\u00e1rsky \u00farad\" \/>\n<meta property=\"og:url\" content=\"https:\/\/notartrebisov.sk\/en\/services\/document-in-case-of-death\/\" \/>\n<meta property=\"og:site_name\" content=\"Not\u00e1rsky \u00farad\" \/>\n<meta property=\"article:publisher\" content=\"https:\/\/www.facebook.com\/p\/Not%c3%a1rsky-%c3%barad-JUDr-Martin-Seleck%c3%bd-a-JUDr-Zuzana-Sabov%c3%a1-100063483075999\/\" \/>\n<meta property=\"article:modified_time\" content=\"2023-12-11T09:57:48+00:00\" \/>\n<meta name=\"twitter:card\" content=\"summary_large_image\" \/>\n<meta name=\"twitter:label1\" content=\"Est. reading time\" \/>\n\t<meta name=\"twitter:data1\" content=\"8 minutes\" \/>\n<script type=\"application\/ld+json\" class=\"yoast-schema-graph\">{\"@context\":\"https:\\\/\\\/schema.org\",\"@graph\":[{\"@type\":\"WebPage\",\"@id\":\"https:\\\/\\\/notartrebisov.sk\\\/en\\\/services\\\/document-in-case-of-death\\\/\",\"url\":\"https:\\\/\\\/notartrebisov.sk\\\/en\\\/services\\\/document-in-case-of-death\\\/\",\"name\":\"Document in case of death - Not\u00e1rsky \u00farad\",\"isPartOf\":{\"@id\":\"https:\\\/\\\/notartrebisov.sk\\\/#website\"},\"datePublished\":\"2023-11-17T11:16:48+00:00\",\"dateModified\":\"2023-12-11T09:57:48+00:00\",\"breadcrumb\":{\"@id\":\"https:\\\/\\\/notartrebisov.sk\\\/en\\\/services\\\/document-in-case-of-death\\\/#breadcrumb\"},\"inLanguage\":\"en-US\",\"potentialAction\":[{\"@type\":\"ReadAction\",\"target\":[\"https:\\\/\\\/notartrebisov.sk\\\/en\\\/services\\\/document-in-case-of-death\\\/\"]}]},{\"@type\":\"BreadcrumbList\",\"@id\":\"https:\\\/\\\/notartrebisov.sk\\\/en\\\/services\\\/document-in-case-of-death\\\/#breadcrumb\",\"itemListElement\":[{\"@type\":\"ListItem\",\"position\":1,\"name\":\"Home\",\"item\":\"https:\\\/\\\/notartrebisov.sk\\\/en\\\/\"},{\"@type\":\"ListItem\",\"position\":2,\"name\":\"Services\",\"item\":\"https:\\\/\\\/notartrebisov.sk\\\/en\\\/services\\\/\"},{\"@type\":\"ListItem\",\"position\":3,\"name\":\"Document in case of death\"}]},{\"@type\":\"WebSite\",\"@id\":\"https:\\\/\\\/notartrebisov.sk\\\/#website\",\"url\":\"https:\\\/\\\/notartrebisov.sk\\\/\",\"name\":\"Not\u00e1r Trebi\u0161ov\",\"description\":\"JUDr. Martin Seleck\u00fd a JUDr. Zuzana Sabov\u00e1\",\"publisher\":{\"@id\":\"https:\\\/\\\/notartrebisov.sk\\\/#organization\"},\"potentialAction\":[{\"@type\":\"SearchAction\",\"target\":{\"@type\":\"EntryPoint\",\"urlTemplate\":\"https:\\\/\\\/notartrebisov.sk\\\/?s={search_term_string}\"},\"query-input\":{\"@type\":\"PropertyValueSpecification\",\"valueRequired\":true,\"valueName\":\"search_term_string\"}}],\"inLanguage\":\"en-US\"},{\"@type\":\"Organization\",\"@id\":\"https:\\\/\\\/notartrebisov.sk\\\/#organization\",\"name\":\"Not\u00e1rsky \u00farad JUDr. Martin Seleck\u00fd a JUDr. Zuzana Sabov\u00e1\",\"url\":\"https:\\\/\\\/notartrebisov.sk\\\/\",\"logo\":{\"@type\":\"ImageObject\",\"inLanguage\":\"en-US\",\"@id\":\"https:\\\/\\\/notartrebisov.sk\\\/#\\\/schema\\\/logo\\\/image\\\/\",\"url\":\"https:\\\/\\\/notartrebisov.sk\\\/wp-content\\\/uploads\\\/2023\\\/11\\\/logo.jpg\",\"contentUrl\":\"https:\\\/\\\/notartrebisov.sk\\\/wp-content\\\/uploads\\\/2023\\\/11\\\/logo.jpg\",\"width\":130,\"height\":130,\"caption\":\"Not\u00e1rsky \u00farad JUDr. Martin Seleck\u00fd a JUDr. Zuzana Sabov\u00e1\"},\"image\":{\"@id\":\"https:\\\/\\\/notartrebisov.sk\\\/#\\\/schema\\\/logo\\\/image\\\/\"},\"sameAs\":[\"https:\\\/\\\/www.facebook.com\\\/p\\\/Not\u00e1rsky-\u00farad-JUDr-Martin-Seleck\u00fd-a-JUDr-Zuzana-Sabov\u00e1-100063483075999\\\/\"]}]}<\/script>\n<!-- \/ Yoast SEO plugin. -->","yoast_head_json":{"title":"Document in case of death - Not\u00e1rsky \u00farad","robots":{"index":"index","follow":"follow","max-snippet":"max-snippet:-1","max-image-preview":"max-image-preview:large","max-video-preview":"max-video-preview:-1"},"canonical":"https:\/\/notartrebisov.sk\/en\/services\/document-in-case-of-death\/","og_locale":"en_US","og_type":"article","og_title":"Document in case of death - Not\u00e1rsky \u00farad","og_url":"https:\/\/notartrebisov.sk\/en\/services\/document-in-case-of-death\/","og_site_name":"Not\u00e1rsky \u00farad","article_publisher":"https:\/\/www.facebook.com\/p\/Not%c3%a1rsky-%c3%barad-JUDr-Martin-Seleck%c3%bd-a-JUDr-Zuzana-Sabov%c3%a1-100063483075999\/","article_modified_time":"2023-12-11T09:57:48+00:00","twitter_card":"summary_large_image","twitter_misc":{"Est. reading time":"8 minutes"},"schema":{"@context":"https:\/\/schema.org","@graph":[{"@type":"WebPage","@id":"https:\/\/notartrebisov.sk\/en\/services\/document-in-case-of-death\/","url":"https:\/\/notartrebisov.sk\/en\/services\/document-in-case-of-death\/","name":"Document in case of death - Not\u00e1rsky \u00farad","isPartOf":{"@id":"https:\/\/notartrebisov.sk\/#website"},"datePublished":"2023-11-17T11:16:48+00:00","dateModified":"2023-12-11T09:57:48+00:00","breadcrumb":{"@id":"https:\/\/notartrebisov.sk\/en\/services\/document-in-case-of-death\/#breadcrumb"},"inLanguage":"en-US","potentialAction":[{"@type":"ReadAction","target":["https:\/\/notartrebisov.sk\/en\/services\/document-in-case-of-death\/"]}]},{"@type":"BreadcrumbList","@id":"https:\/\/notartrebisov.sk\/en\/services\/document-in-case-of-death\/#breadcrumb","itemListElement":[{"@type":"ListItem","position":1,"name":"Home","item":"https:\/\/notartrebisov.sk\/en\/"},{"@type":"ListItem","position":2,"name":"Services","item":"https:\/\/notartrebisov.sk\/en\/services\/"},{"@type":"ListItem","position":3,"name":"Document in case of death"}]},{"@type":"WebSite","@id":"https:\/\/notartrebisov.sk\/#website","url":"https:\/\/notartrebisov.sk\/","name":"Not\u00e1r Trebi\u0161ov","description":"JUDr. Martin Seleck\u00fd a JUDr. Zuzana Sabov\u00e1","publisher":{"@id":"https:\/\/notartrebisov.sk\/#organization"},"potentialAction":[{"@type":"SearchAction","target":{"@type":"EntryPoint","urlTemplate":"https:\/\/notartrebisov.sk\/?s={search_term_string}"},"query-input":{"@type":"PropertyValueSpecification","valueRequired":true,"valueName":"search_term_string"}}],"inLanguage":"en-US"},{"@type":"Organization","@id":"https:\/\/notartrebisov.sk\/#organization","name":"Not\u00e1rsky \u00farad JUDr. Martin Seleck\u00fd a JUDr. Zuzana Sabov\u00e1","url":"https:\/\/notartrebisov.sk\/","logo":{"@type":"ImageObject","inLanguage":"en-US","@id":"https:\/\/notartrebisov.sk\/#\/schema\/logo\/image\/","url":"https:\/\/notartrebisov.sk\/wp-content\/uploads\/2023\/11\/logo.jpg","contentUrl":"https:\/\/notartrebisov.sk\/wp-content\/uploads\/2023\/11\/logo.jpg","width":130,"height":130,"caption":"Not\u00e1rsky \u00farad JUDr. Martin Seleck\u00fd a JUDr. Zuzana Sabov\u00e1"},"image":{"@id":"https:\/\/notartrebisov.sk\/#\/schema\/logo\/image\/"},"sameAs":["https:\/\/www.facebook.com\/p\/Not\u00e1rsky-\u00farad-JUDr-Martin-Seleck\u00fd-a-JUDr-Zuzana-Sabov\u00e1-100063483075999\/"]}]}},"_links":{"self":[{"href":"https:\/\/notartrebisov.sk\/en\/wp-json\/wp\/v2\/pages\/294","targetHints":{"allow":["GET"]}}],"collection":[{"href":"https:\/\/notartrebisov.sk\/en\/wp-json\/wp\/v2\/pages"}],"about":[{"href":"https:\/\/notartrebisov.sk\/en\/wp-json\/wp\/v2\/types\/page"}],"author":[{"embeddable":true,"href":"https:\/\/notartrebisov.sk\/en\/wp-json\/wp\/v2\/users\/1"}],"replies":[{"embeddable":true,"href":"https:\/\/notartrebisov.sk\/en\/wp-json\/wp\/v2\/comments?post=294"}],"version-history":[{"count":2,"href":"https:\/\/notartrebisov.sk\/en\/wp-json\/wp\/v2\/pages\/294\/revisions"}],"predecessor-version":[{"id":388,"href":"https:\/\/notartrebisov.sk\/en\/wp-json\/wp\/v2\/pages\/294\/revisions\/388"}],"up":[{"embeddable":true,"href":"https:\/\/notartrebisov.sk\/en\/wp-json\/wp\/v2\/pages\/289"}],"wp:attachment":[{"href":"https:\/\/notartrebisov.sk\/en\/wp-json\/wp\/v2\/media?parent=294"}],"curies":[{"name":"wp","href":"https:\/\/api.w.org\/{rel}","templated":true}]}}