{"id":301,"date":"2023-11-17T12:17:28","date_gmt":"2023-11-17T11:17:28","guid":{"rendered":"https:\/\/notartrebisov.sk\/sluzby\/register-partnerov-verejneho-sektora\/"},"modified":"2023-12-11T11:05:01","modified_gmt":"2023-12-11T10:05:01","slug":"register-of-public-sector-partners","status":"publish","type":"page","link":"https:\/\/notartrebisov.sk\/en\/services\/register-of-public-sector-partners\/","title":{"rendered":"Register of Public Sector Partners"},"content":{"rendered":"<p><div class=\"fusion-fullwidth fullwidth-box fusion-builder-row-1 fusion-flex-container has-pattern-background has-mask-background nonhundred-percent-fullwidth non-hundred-percent-height-scrolling\" style=\"--awb-border-radius-top-left:0px;--awb-border-radius-top-right:0px;--awb-border-radius-bottom-right:0px;--awb-border-radius-bottom-left:0px;--awb-flex-wrap:wrap;\" ><div class=\"fusion-builder-row fusion-row fusion-flex-align-items-flex-start fusion-flex-content-wrap\" style=\"max-width:1248px;margin-left: calc(-4% \/ 2 );margin-right: calc(-4% \/ 2 );\"><div class=\"fusion-layout-column fusion_builder_column fusion-builder-column-0 fusion_builder_column_1_1 1_1 fusion-flex-column\" style=\"--awb-bg-size:cover;--awb-width-large:100%;--awb-margin-top-large:0px;--awb-spacing-right-large:1.92%;--awb-margin-bottom-large:20px;--awb-spacing-left-large:1.92%;--awb-width-medium:100%;--awb-order-medium:0;--awb-spacing-right-medium:1.92%;--awb-spacing-left-medium:1.92%;--awb-width-small:100%;--awb-order-small:0;--awb-spacing-right-small:1.92%;--awb-spacing-left-small:1.92%;\"><div class=\"fusion-column-wrapper fusion-column-has-shadow fusion-flex-justify-content-flex-start fusion-content-layout-column\"><div class=\"fusion-text fusion-text-1\" style=\"--awb-content-alignment:center;\"><h3 class=\"service-h fusion-responsive-typography-calculated\" style=\"--fontsize: 36; line-height: 1.2;\" data-fontsize=\"36\" data-lineheight=\"43.2px\">Register of Public Sector Partners<\/h3>\n<\/div><\/div><\/div><\/div><\/div><div class=\"fusion-fullwidth fullwidth-box fusion-builder-row-2 fusion-flex-container has-pattern-background has-mask-background nonhundred-percent-fullwidth non-hundred-percent-height-scrolling\" style=\"--awb-border-radius-top-left:0px;--awb-border-radius-top-right:0px;--awb-border-radius-bottom-right:0px;--awb-border-radius-bottom-left:0px;--awb-flex-wrap:wrap;\" ><div class=\"fusion-builder-row fusion-row fusion-flex-align-items-flex-start fusion-flex-content-wrap\" style=\"max-width:1248px;margin-left: calc(-4% \/ 2 );margin-right: calc(-4% \/ 2 );\"><div class=\"fusion-layout-column fusion_builder_column fusion-builder-column-1 fusion_builder_column_1_1 1_1 fusion-flex-column\" style=\"--awb-bg-size:cover;--awb-width-large:100%;--awb-margin-top-large:0px;--awb-spacing-right-large:1.92%;--awb-margin-bottom-large:20px;--awb-spacing-left-large:1.92%;--awb-width-medium:100%;--awb-order-medium:0;--awb-spacing-right-medium:1.92%;--awb-spacing-left-medium:1.92%;--awb-width-small:100%;--awb-order-small:0;--awb-spacing-right-small:1.92%;--awb-spacing-left-small:1.92%;\"><div class=\"fusion-column-wrapper fusion-column-has-shadow fusion-flex-justify-content-flex-start fusion-content-layout-column\"><div class=\"fusion-text fusion-text-2\"><ol class=\"bold\">\n<li><b>Complete legal consulting relating registration to the Register of Public Sector Partners (RPSP)<\/b><\/li>\n<li><b>Drawing up all documents necessary for registration to RPSP<\/b><\/li>\n<li><b>Identification of the ultimate beneficial owners (UBO)<\/b><\/li>\n<li><b>Regular verification of UBO, generally twice a year<\/b><\/li>\n<\/ol>\n<p>The Register of Public Sector Partners (RPSP) is a list of data of ultimate beneficiary owners established by law.<\/p>\n<p>UBO is a natural person or a legal entity who receives funds or property from the state, municipality, and other public sector bodies over the limit specified by law. Persons obliged to be registered \u2013 while considering financial limits \u2013 are those, who conclude agreements, framework agreements or concession agreements under regulations on public procurement, health care providers, a person to whom receivables toward state have been assigned or otherwise transferred, or public sector entities, and sub-contractors. Health insurance companies are also public sector partners.<\/p>\n<p>Natural persons and legal entities that are not public sector partners can voluntarily register to RPSP.<\/p>\n<p>The registration process itself is not made by the public sector partner (PSP) himself. For this purpose the PSP must ensure an authorised person (in harmony with law it is the lawyer, notary, bank, foreign bank branch, auditor, or tax advisor having registered office or place of business on the territory of the Slovak Republic), with whom an agreement must be concluded on fulfilment of authorised person\u2019s duties toward PSP. Consequently this authorised person carries out all acts relating RPSP for PSP (i.e. not only the first registration, but also changes or deletion of entered data).<\/p>\n<p>RPSP is kept in electronic form and is legally binding that means that the data published in RPSP are effective for everybody and there is no need to prove them before any public authority, i.e. the public authority can detect the data by itself.<\/p>\n<p>Sanctions in case of not fulfilling duties, and\/or in case of entering false data:<\/p>\n<ul>\n<li>Withdrawal from agreement and non-fulfilment by the state<\/li>\n<li>Fine to PSP in the amount of acquired economic benefit. If the amount cannot be specified, the registration authority imposes a fine EUR 10 000 \u2013 EUR 1 000 000.<\/li>\n<li>Fine in the amount from EUR 100 000 for every statutory body. Our lawyer\u2019s office guarantees payment of this fine<\/li>\n<li>In case fine is imposed = deletion of statutory body from all companies and ban on performing this position for a period of 3 years<\/li>\n<li>Criminal liability of PSP, statutory body and authorised person<\/li>\n<\/ul>\n<p>Frequently asked questions: <a href=\"https:\/\/www.justice.gov.sk\/Stranky\/Registre\/Dalsie-uzitocne-zoznamy-a-registre\/RPVS\/FAQ.aspx\">https:\/\/www.justice.gov.sk\/Stranky\/Registre\/Dalsie-uzitocne-zoznamy-a-registre\/RPVS\/FAQ.aspx<\/a><\/p>\n<\/div><\/div><\/div><\/div><\/div><\/p>\n","protected":false},"excerpt":{"rendered":"","protected":false},"author":1,"featured_media":0,"parent":289,"menu_order":0,"comment_status":"closed","ping_status":"closed","template":"100-width.php","meta":{"footnotes":""},"class_list":["post-301","page","type-page","status-publish","hentry"],"yoast_head":"<!-- This site is optimized with the Yoast SEO plugin v27.4 - https:\/\/yoast.com\/product\/yoast-seo-wordpress\/ -->\n<title>Register of Public Sector Partners - Not\u00e1rsky \u00farad<\/title>\n<meta name=\"robots\" content=\"index, follow, max-snippet:-1, max-image-preview:large, max-video-preview:-1\" \/>\n<link rel=\"canonical\" href=\"https:\/\/notartrebisov.sk\/en\/services\/register-of-public-sector-partners\/\" \/>\n<meta property=\"og:locale\" content=\"en_US\" \/>\n<meta property=\"og:type\" content=\"article\" \/>\n<meta property=\"og:title\" content=\"Register of Public Sector Partners - Not\u00e1rsky \u00farad\" \/>\n<meta property=\"og:url\" content=\"https:\/\/notartrebisov.sk\/en\/services\/register-of-public-sector-partners\/\" \/>\n<meta property=\"og:site_name\" content=\"Not\u00e1rsky \u00farad\" \/>\n<meta property=\"article:publisher\" content=\"https:\/\/www.facebook.com\/p\/Not%c3%a1rsky-%c3%barad-JUDr-Martin-Seleck%c3%bd-a-JUDr-Zuzana-Sabov%c3%a1-100063483075999\/\" \/>\n<meta property=\"article:modified_time\" content=\"2023-12-11T10:05:01+00:00\" \/>\n<meta name=\"twitter:card\" content=\"summary_large_image\" \/>\n<meta name=\"twitter:label1\" content=\"Est. reading time\" \/>\n\t<meta name=\"twitter:data1\" content=\"7 minutes\" \/>\n<script type=\"application\/ld+json\" class=\"yoast-schema-graph\">{\"@context\":\"https:\\\/\\\/schema.org\",\"@graph\":[{\"@type\":\"WebPage\",\"@id\":\"https:\\\/\\\/notartrebisov.sk\\\/en\\\/services\\\/register-of-public-sector-partners\\\/\",\"url\":\"https:\\\/\\\/notartrebisov.sk\\\/en\\\/services\\\/register-of-public-sector-partners\\\/\",\"name\":\"Register of Public Sector Partners - Not\u00e1rsky \u00farad\",\"isPartOf\":{\"@id\":\"https:\\\/\\\/notartrebisov.sk\\\/#website\"},\"datePublished\":\"2023-11-17T11:17:28+00:00\",\"dateModified\":\"2023-12-11T10:05:01+00:00\",\"breadcrumb\":{\"@id\":\"https:\\\/\\\/notartrebisov.sk\\\/en\\\/services\\\/register-of-public-sector-partners\\\/#breadcrumb\"},\"inLanguage\":\"en-US\",\"potentialAction\":[{\"@type\":\"ReadAction\",\"target\":[\"https:\\\/\\\/notartrebisov.sk\\\/en\\\/services\\\/register-of-public-sector-partners\\\/\"]}]},{\"@type\":\"BreadcrumbList\",\"@id\":\"https:\\\/\\\/notartrebisov.sk\\\/en\\\/services\\\/register-of-public-sector-partners\\\/#breadcrumb\",\"itemListElement\":[{\"@type\":\"ListItem\",\"position\":1,\"name\":\"Home\",\"item\":\"https:\\\/\\\/notartrebisov.sk\\\/en\\\/\"},{\"@type\":\"ListItem\",\"position\":2,\"name\":\"Services\",\"item\":\"https:\\\/\\\/notartrebisov.sk\\\/en\\\/services\\\/\"},{\"@type\":\"ListItem\",\"position\":3,\"name\":\"Register of Public Sector Partners\"}]},{\"@type\":\"WebSite\",\"@id\":\"https:\\\/\\\/notartrebisov.sk\\\/#website\",\"url\":\"https:\\\/\\\/notartrebisov.sk\\\/\",\"name\":\"Not\u00e1r Trebi\u0161ov\",\"description\":\"JUDr. Martin Seleck\u00fd a JUDr. Zuzana Sabov\u00e1\",\"publisher\":{\"@id\":\"https:\\\/\\\/notartrebisov.sk\\\/#organization\"},\"potentialAction\":[{\"@type\":\"SearchAction\",\"target\":{\"@type\":\"EntryPoint\",\"urlTemplate\":\"https:\\\/\\\/notartrebisov.sk\\\/?s={search_term_string}\"},\"query-input\":{\"@type\":\"PropertyValueSpecification\",\"valueRequired\":true,\"valueName\":\"search_term_string\"}}],\"inLanguage\":\"en-US\"},{\"@type\":\"Organization\",\"@id\":\"https:\\\/\\\/notartrebisov.sk\\\/#organization\",\"name\":\"Not\u00e1rsky \u00farad JUDr. Martin Seleck\u00fd a JUDr. Zuzana Sabov\u00e1\",\"url\":\"https:\\\/\\\/notartrebisov.sk\\\/\",\"logo\":{\"@type\":\"ImageObject\",\"inLanguage\":\"en-US\",\"@id\":\"https:\\\/\\\/notartrebisov.sk\\\/#\\\/schema\\\/logo\\\/image\\\/\",\"url\":\"https:\\\/\\\/notartrebisov.sk\\\/wp-content\\\/uploads\\\/2023\\\/11\\\/logo.jpg\",\"contentUrl\":\"https:\\\/\\\/notartrebisov.sk\\\/wp-content\\\/uploads\\\/2023\\\/11\\\/logo.jpg\",\"width\":130,\"height\":130,\"caption\":\"Not\u00e1rsky \u00farad JUDr. Martin Seleck\u00fd a JUDr. Zuzana Sabov\u00e1\"},\"image\":{\"@id\":\"https:\\\/\\\/notartrebisov.sk\\\/#\\\/schema\\\/logo\\\/image\\\/\"},\"sameAs\":[\"https:\\\/\\\/www.facebook.com\\\/p\\\/Not\u00e1rsky-\u00farad-JUDr-Martin-Seleck\u00fd-a-JUDr-Zuzana-Sabov\u00e1-100063483075999\\\/\"]}]}<\/script>\n<!-- \/ Yoast SEO plugin. -->","yoast_head_json":{"title":"Register of Public Sector Partners - Not\u00e1rsky \u00farad","robots":{"index":"index","follow":"follow","max-snippet":"max-snippet:-1","max-image-preview":"max-image-preview:large","max-video-preview":"max-video-preview:-1"},"canonical":"https:\/\/notartrebisov.sk\/en\/services\/register-of-public-sector-partners\/","og_locale":"en_US","og_type":"article","og_title":"Register of Public Sector Partners - Not\u00e1rsky \u00farad","og_url":"https:\/\/notartrebisov.sk\/en\/services\/register-of-public-sector-partners\/","og_site_name":"Not\u00e1rsky \u00farad","article_publisher":"https:\/\/www.facebook.com\/p\/Not%c3%a1rsky-%c3%barad-JUDr-Martin-Seleck%c3%bd-a-JUDr-Zuzana-Sabov%c3%a1-100063483075999\/","article_modified_time":"2023-12-11T10:05:01+00:00","twitter_card":"summary_large_image","twitter_misc":{"Est. reading time":"7 minutes"},"schema":{"@context":"https:\/\/schema.org","@graph":[{"@type":"WebPage","@id":"https:\/\/notartrebisov.sk\/en\/services\/register-of-public-sector-partners\/","url":"https:\/\/notartrebisov.sk\/en\/services\/register-of-public-sector-partners\/","name":"Register of Public Sector Partners - Not\u00e1rsky \u00farad","isPartOf":{"@id":"https:\/\/notartrebisov.sk\/#website"},"datePublished":"2023-11-17T11:17:28+00:00","dateModified":"2023-12-11T10:05:01+00:00","breadcrumb":{"@id":"https:\/\/notartrebisov.sk\/en\/services\/register-of-public-sector-partners\/#breadcrumb"},"inLanguage":"en-US","potentialAction":[{"@type":"ReadAction","target":["https:\/\/notartrebisov.sk\/en\/services\/register-of-public-sector-partners\/"]}]},{"@type":"BreadcrumbList","@id":"https:\/\/notartrebisov.sk\/en\/services\/register-of-public-sector-partners\/#breadcrumb","itemListElement":[{"@type":"ListItem","position":1,"name":"Home","item":"https:\/\/notartrebisov.sk\/en\/"},{"@type":"ListItem","position":2,"name":"Services","item":"https:\/\/notartrebisov.sk\/en\/services\/"},{"@type":"ListItem","position":3,"name":"Register of Public Sector Partners"}]},{"@type":"WebSite","@id":"https:\/\/notartrebisov.sk\/#website","url":"https:\/\/notartrebisov.sk\/","name":"Not\u00e1r Trebi\u0161ov","description":"JUDr. Martin Seleck\u00fd a JUDr. Zuzana Sabov\u00e1","publisher":{"@id":"https:\/\/notartrebisov.sk\/#organization"},"potentialAction":[{"@type":"SearchAction","target":{"@type":"EntryPoint","urlTemplate":"https:\/\/notartrebisov.sk\/?s={search_term_string}"},"query-input":{"@type":"PropertyValueSpecification","valueRequired":true,"valueName":"search_term_string"}}],"inLanguage":"en-US"},{"@type":"Organization","@id":"https:\/\/notartrebisov.sk\/#organization","name":"Not\u00e1rsky \u00farad JUDr. Martin Seleck\u00fd a JUDr. Zuzana Sabov\u00e1","url":"https:\/\/notartrebisov.sk\/","logo":{"@type":"ImageObject","inLanguage":"en-US","@id":"https:\/\/notartrebisov.sk\/#\/schema\/logo\/image\/","url":"https:\/\/notartrebisov.sk\/wp-content\/uploads\/2023\/11\/logo.jpg","contentUrl":"https:\/\/notartrebisov.sk\/wp-content\/uploads\/2023\/11\/logo.jpg","width":130,"height":130,"caption":"Not\u00e1rsky \u00farad JUDr. Martin Seleck\u00fd a JUDr. Zuzana Sabov\u00e1"},"image":{"@id":"https:\/\/notartrebisov.sk\/#\/schema\/logo\/image\/"},"sameAs":["https:\/\/www.facebook.com\/p\/Not\u00e1rsky-\u00farad-JUDr-Martin-Seleck\u00fd-a-JUDr-Zuzana-Sabov\u00e1-100063483075999\/"]}]}},"_links":{"self":[{"href":"https:\/\/notartrebisov.sk\/en\/wp-json\/wp\/v2\/pages\/301","targetHints":{"allow":["GET"]}}],"collection":[{"href":"https:\/\/notartrebisov.sk\/en\/wp-json\/wp\/v2\/pages"}],"about":[{"href":"https:\/\/notartrebisov.sk\/en\/wp-json\/wp\/v2\/types\/page"}],"author":[{"embeddable":true,"href":"https:\/\/notartrebisov.sk\/en\/wp-json\/wp\/v2\/users\/1"}],"replies":[{"embeddable":true,"href":"https:\/\/notartrebisov.sk\/en\/wp-json\/wp\/v2\/comments?post=301"}],"version-history":[{"count":2,"href":"https:\/\/notartrebisov.sk\/en\/wp-json\/wp\/v2\/pages\/301\/revisions"}],"predecessor-version":[{"id":397,"href":"https:\/\/notartrebisov.sk\/en\/wp-json\/wp\/v2\/pages\/301\/revisions\/397"}],"up":[{"embeddable":true,"href":"https:\/\/notartrebisov.sk\/en\/wp-json\/wp\/v2\/pages\/289"}],"wp:attachment":[{"href":"https:\/\/notartrebisov.sk\/en\/wp-json\/wp\/v2\/media?parent=301"}],"curies":[{"name":"wp","href":"https:\/\/api.w.org\/{rel}","templated":true}]}}