{"id":303,"date":"2023-11-17T12:17:50","date_gmt":"2023-11-17T11:17:50","guid":{"rendered":"https:\/\/notartrebisov.sk\/sluzby\/zalozne-pravo-a-notarsky-centralny-register-zaloznych-prav\/"},"modified":"2023-12-11T11:01:03","modified_gmt":"2023-12-11T10:01:03","slug":"lien-and-the-notarial-central-register-of-liens-ncrl","status":"publish","type":"page","link":"https:\/\/notartrebisov.sk\/en\/services\/lien-and-the-notarial-central-register-of-liens-ncrl\/","title":{"rendered":"Lien and the Notarial Central Register of Liens (NCRL)"},"content":{"rendered":"<p><div class=\"fusion-fullwidth fullwidth-box fusion-builder-row-1 fusion-flex-container has-pattern-background has-mask-background nonhundred-percent-fullwidth non-hundred-percent-height-scrolling\" style=\"--awb-border-radius-top-left:0px;--awb-border-radius-top-right:0px;--awb-border-radius-bottom-right:0px;--awb-border-radius-bottom-left:0px;--awb-flex-wrap:wrap;\" ><div class=\"fusion-builder-row fusion-row fusion-flex-align-items-flex-start fusion-flex-content-wrap\" style=\"max-width:1248px;margin-left: calc(-4% \/ 2 );margin-right: calc(-4% \/ 2 );\"><div class=\"fusion-layout-column fusion_builder_column fusion-builder-column-0 fusion_builder_column_1_1 1_1 fusion-flex-column\" style=\"--awb-bg-size:cover;--awb-width-large:100%;--awb-margin-top-large:0px;--awb-spacing-right-large:1.92%;--awb-margin-bottom-large:20px;--awb-spacing-left-large:1.92%;--awb-width-medium:100%;--awb-order-medium:0;--awb-spacing-right-medium:1.92%;--awb-spacing-left-medium:1.92%;--awb-width-small:100%;--awb-order-small:0;--awb-spacing-right-small:1.92%;--awb-spacing-left-small:1.92%;\"><div class=\"fusion-column-wrapper fusion-column-has-shadow fusion-flex-justify-content-flex-start fusion-content-layout-column\"><div class=\"fusion-text fusion-text-1\" style=\"--awb-content-alignment:center;\"><h3 class=\"service-h fusion-responsive-typography-calculated\" style=\"--fontsize: 36; line-height: 1.2;\" data-fontsize=\"36\" data-lineheight=\"43.2px\">Lien and the Notarial Central Register of Liens (NCRL)<\/h3>\n<\/div><\/div><\/div><\/div><\/div><div class=\"fusion-fullwidth fullwidth-box fusion-builder-row-2 fusion-flex-container has-pattern-background has-mask-background nonhundred-percent-fullwidth non-hundred-percent-height-scrolling\" style=\"--awb-border-radius-top-left:0px;--awb-border-radius-top-right:0px;--awb-border-radius-bottom-right:0px;--awb-border-radius-bottom-left:0px;--awb-flex-wrap:wrap;\" ><div class=\"fusion-builder-row fusion-row fusion-flex-align-items-flex-start fusion-flex-content-wrap\" style=\"max-width:1248px;margin-left: calc(-4% \/ 2 );margin-right: calc(-4% \/ 2 );\"><div class=\"fusion-layout-column fusion_builder_column fusion-builder-column-1 fusion_builder_column_1_1 1_1 fusion-flex-column\" style=\"--awb-bg-size:cover;--awb-width-large:100%;--awb-margin-top-large:0px;--awb-spacing-right-large:1.92%;--awb-margin-bottom-large:20px;--awb-spacing-left-large:1.92%;--awb-width-medium:100%;--awb-order-medium:0;--awb-spacing-right-medium:1.92%;--awb-spacing-left-medium:1.92%;--awb-width-small:100%;--awb-order-small:0;--awb-spacing-right-small:1.92%;--awb-spacing-left-small:1.92%;\"><div class=\"fusion-column-wrapper fusion-column-has-shadow fusion-flex-justify-content-flex-start fusion-content-layout-column\"><div class=\"fusion-text fusion-text-2\"><ol class=\"bold\">\n<li><b>We provide full legal counselling regarding right of lien<\/b><\/li>\n<li><b>We can prepare the contract on establishing lien in the form of a notarial deed<\/b><\/li>\n<li><b>We can make registration at the Notarial Central Register of Right of Liens<\/b><\/li>\n<\/ol>\n<p>The Civil Code prescribes that the establishment of a lien requires registration at the Notarial Central Register of Liens, unless otherwise provided by the law. This means that unless substantive law prescribes otherwise, lien can be established only upon entry to the register. In practice we most often deal with registration of liens to tangible things or even liens to claims from accounts.<\/p>\n<p>Application for registration of a lien is filed directly at any notary based on a written contract by the debtor, in other cases by the creditor. If lien is established upon decision of a court or an administrative body, registration is made based on decision of the competent court or administrative body that established right of lien.<\/p>\n<p>Based on application of the entitled person the notary performs registration of the following at the Notarial Central Register of Liens:<\/p>\n<ol class=\"bold\">\n<li><b>right of lien<\/b><\/li>\n<li><b>modification of data<\/b><\/li>\n<li><b>start of exercising of the right of lien<\/b><\/li>\n<li><b>cancellation of the right of lien<\/b><\/li>\n<\/ol>\n<p>This register is available to the public at the page of the Slovak Chamber of Notaries (Not\u00e1rska komora SR) www.notar.sk.<\/p>\n<p class=\"bold\"><b>Lien contract can be drawn up in the form of a notarial deed that is a public document and as such is a powerful instrument of proof in case of a dispute.<\/b><\/p>\n<p><em>Necessary documents:<\/em><\/p>\n<ul>\n<li><em>Valid identification document of the parties, and\/or the applicant &#8211; e.g. ID card, passport, permit for long-term stay of foreign nationals (driver&#8217;s license , police confirmation on ID card hand-over and application for the issuance of a new ID card, health insurance card do not serve as identity cards)<\/em><\/li>\n<li><em>Up-to-date Extract from the Companies Register in case of a legal entity (provided by us)<\/em><\/li>\n<li><em>In case want to perform only registration, contract on establishment of the right of lien<\/em><\/li>\n<\/ul>\n<\/div><\/div><\/div><\/div><\/div><\/p>\n","protected":false},"excerpt":{"rendered":"","protected":false},"author":1,"featured_media":0,"parent":289,"menu_order":0,"comment_status":"closed","ping_status":"closed","template":"100-width.php","meta":{"footnotes":""},"class_list":["post-303","page","type-page","status-publish","hentry"],"yoast_head":"<!-- This site is optimized with the Yoast SEO plugin v27.5 - https:\/\/yoast.com\/product\/yoast-seo-wordpress\/ -->\n<title>Lien and the Notarial Central Register of Liens (NCRL) - Not\u00e1rsky \u00farad<\/title>\n<meta name=\"robots\" content=\"index, follow, max-snippet:-1, max-image-preview:large, max-video-preview:-1\" \/>\n<link rel=\"canonical\" href=\"https:\/\/notartrebisov.sk\/en\/services\/lien-and-the-notarial-central-register-of-liens-ncrl\/\" \/>\n<meta property=\"og:locale\" content=\"en_US\" \/>\n<meta property=\"og:type\" content=\"article\" \/>\n<meta property=\"og:title\" content=\"Lien and the Notarial Central Register of Liens (NCRL) - Not\u00e1rsky \u00farad\" \/>\n<meta property=\"og:url\" content=\"https:\/\/notartrebisov.sk\/en\/services\/lien-and-the-notarial-central-register-of-liens-ncrl\/\" \/>\n<meta property=\"og:site_name\" content=\"Not\u00e1rsky \u00farad\" \/>\n<meta property=\"article:publisher\" content=\"https:\/\/www.facebook.com\/p\/Not%c3%a1rsky-%c3%barad-JUDr-Martin-Seleck%c3%bd-a-JUDr-Zuzana-Sabov%c3%a1-100063483075999\/\" \/>\n<meta property=\"article:modified_time\" content=\"2023-12-11T10:01:03+00:00\" \/>\n<meta name=\"twitter:card\" content=\"summary_large_image\" \/>\n<meta name=\"twitter:label1\" content=\"Est. reading time\" \/>\n\t<meta name=\"twitter:data1\" content=\"6 minutes\" \/>\n<script type=\"application\/ld+json\" class=\"yoast-schema-graph\">{\"@context\":\"https:\\\/\\\/schema.org\",\"@graph\":[{\"@type\":\"WebPage\",\"@id\":\"https:\\\/\\\/notartrebisov.sk\\\/en\\\/services\\\/lien-and-the-notarial-central-register-of-liens-ncrl\\\/\",\"url\":\"https:\\\/\\\/notartrebisov.sk\\\/en\\\/services\\\/lien-and-the-notarial-central-register-of-liens-ncrl\\\/\",\"name\":\"Lien and the Notarial Central Register of Liens (NCRL) - Not\u00e1rsky \u00farad\",\"isPartOf\":{\"@id\":\"https:\\\/\\\/notartrebisov.sk\\\/#website\"},\"datePublished\":\"2023-11-17T11:17:50+00:00\",\"dateModified\":\"2023-12-11T10:01:03+00:00\",\"breadcrumb\":{\"@id\":\"https:\\\/\\\/notartrebisov.sk\\\/en\\\/services\\\/lien-and-the-notarial-central-register-of-liens-ncrl\\\/#breadcrumb\"},\"inLanguage\":\"en-US\",\"potentialAction\":[{\"@type\":\"ReadAction\",\"target\":[\"https:\\\/\\\/notartrebisov.sk\\\/en\\\/services\\\/lien-and-the-notarial-central-register-of-liens-ncrl\\\/\"]}]},{\"@type\":\"BreadcrumbList\",\"@id\":\"https:\\\/\\\/notartrebisov.sk\\\/en\\\/services\\\/lien-and-the-notarial-central-register-of-liens-ncrl\\\/#breadcrumb\",\"itemListElement\":[{\"@type\":\"ListItem\",\"position\":1,\"name\":\"Home\",\"item\":\"https:\\\/\\\/notartrebisov.sk\\\/en\\\/\"},{\"@type\":\"ListItem\",\"position\":2,\"name\":\"Services\",\"item\":\"https:\\\/\\\/notartrebisov.sk\\\/en\\\/services\\\/\"},{\"@type\":\"ListItem\",\"position\":3,\"name\":\"Lien and the Notarial Central Register of Liens (NCRL)\"}]},{\"@type\":\"WebSite\",\"@id\":\"https:\\\/\\\/notartrebisov.sk\\\/#website\",\"url\":\"https:\\\/\\\/notartrebisov.sk\\\/\",\"name\":\"Not\u00e1r Trebi\u0161ov\",\"description\":\"JUDr. Martin Seleck\u00fd a JUDr. Zuzana Sabov\u00e1\",\"publisher\":{\"@id\":\"https:\\\/\\\/notartrebisov.sk\\\/#organization\"},\"potentialAction\":[{\"@type\":\"SearchAction\",\"target\":{\"@type\":\"EntryPoint\",\"urlTemplate\":\"https:\\\/\\\/notartrebisov.sk\\\/?s={search_term_string}\"},\"query-input\":{\"@type\":\"PropertyValueSpecification\",\"valueRequired\":true,\"valueName\":\"search_term_string\"}}],\"inLanguage\":\"en-US\"},{\"@type\":\"Organization\",\"@id\":\"https:\\\/\\\/notartrebisov.sk\\\/#organization\",\"name\":\"Not\u00e1rsky \u00farad JUDr. Martin Seleck\u00fd a JUDr. Zuzana Sabov\u00e1\",\"url\":\"https:\\\/\\\/notartrebisov.sk\\\/\",\"logo\":{\"@type\":\"ImageObject\",\"inLanguage\":\"en-US\",\"@id\":\"https:\\\/\\\/notartrebisov.sk\\\/#\\\/schema\\\/logo\\\/image\\\/\",\"url\":\"https:\\\/\\\/notartrebisov.sk\\\/wp-content\\\/uploads\\\/2023\\\/11\\\/logo.jpg\",\"contentUrl\":\"https:\\\/\\\/notartrebisov.sk\\\/wp-content\\\/uploads\\\/2023\\\/11\\\/logo.jpg\",\"width\":130,\"height\":130,\"caption\":\"Not\u00e1rsky \u00farad JUDr. Martin Seleck\u00fd a JUDr. Zuzana Sabov\u00e1\"},\"image\":{\"@id\":\"https:\\\/\\\/notartrebisov.sk\\\/#\\\/schema\\\/logo\\\/image\\\/\"},\"sameAs\":[\"https:\\\/\\\/www.facebook.com\\\/p\\\/Not\u00e1rsky-\u00farad-JUDr-Martin-Seleck\u00fd-a-JUDr-Zuzana-Sabov\u00e1-100063483075999\\\/\"]}]}<\/script>\n<!-- \/ Yoast SEO plugin. -->","yoast_head_json":{"title":"Lien and the Notarial Central Register of Liens (NCRL) - Not\u00e1rsky \u00farad","robots":{"index":"index","follow":"follow","max-snippet":"max-snippet:-1","max-image-preview":"max-image-preview:large","max-video-preview":"max-video-preview:-1"},"canonical":"https:\/\/notartrebisov.sk\/en\/services\/lien-and-the-notarial-central-register-of-liens-ncrl\/","og_locale":"en_US","og_type":"article","og_title":"Lien and the Notarial Central Register of Liens (NCRL) - Not\u00e1rsky \u00farad","og_url":"https:\/\/notartrebisov.sk\/en\/services\/lien-and-the-notarial-central-register-of-liens-ncrl\/","og_site_name":"Not\u00e1rsky \u00farad","article_publisher":"https:\/\/www.facebook.com\/p\/Not%c3%a1rsky-%c3%barad-JUDr-Martin-Seleck%c3%bd-a-JUDr-Zuzana-Sabov%c3%a1-100063483075999\/","article_modified_time":"2023-12-11T10:01:03+00:00","twitter_card":"summary_large_image","twitter_misc":{"Est. reading time":"6 minutes"},"schema":{"@context":"https:\/\/schema.org","@graph":[{"@type":"WebPage","@id":"https:\/\/notartrebisov.sk\/en\/services\/lien-and-the-notarial-central-register-of-liens-ncrl\/","url":"https:\/\/notartrebisov.sk\/en\/services\/lien-and-the-notarial-central-register-of-liens-ncrl\/","name":"Lien and the Notarial Central Register of Liens (NCRL) - Not\u00e1rsky \u00farad","isPartOf":{"@id":"https:\/\/notartrebisov.sk\/#website"},"datePublished":"2023-11-17T11:17:50+00:00","dateModified":"2023-12-11T10:01:03+00:00","breadcrumb":{"@id":"https:\/\/notartrebisov.sk\/en\/services\/lien-and-the-notarial-central-register-of-liens-ncrl\/#breadcrumb"},"inLanguage":"en-US","potentialAction":[{"@type":"ReadAction","target":["https:\/\/notartrebisov.sk\/en\/services\/lien-and-the-notarial-central-register-of-liens-ncrl\/"]}]},{"@type":"BreadcrumbList","@id":"https:\/\/notartrebisov.sk\/en\/services\/lien-and-the-notarial-central-register-of-liens-ncrl\/#breadcrumb","itemListElement":[{"@type":"ListItem","position":1,"name":"Home","item":"https:\/\/notartrebisov.sk\/en\/"},{"@type":"ListItem","position":2,"name":"Services","item":"https:\/\/notartrebisov.sk\/en\/services\/"},{"@type":"ListItem","position":3,"name":"Lien and the Notarial Central Register of Liens (NCRL)"}]},{"@type":"WebSite","@id":"https:\/\/notartrebisov.sk\/#website","url":"https:\/\/notartrebisov.sk\/","name":"Not\u00e1r Trebi\u0161ov","description":"JUDr. Martin Seleck\u00fd a JUDr. Zuzana Sabov\u00e1","publisher":{"@id":"https:\/\/notartrebisov.sk\/#organization"},"potentialAction":[{"@type":"SearchAction","target":{"@type":"EntryPoint","urlTemplate":"https:\/\/notartrebisov.sk\/?s={search_term_string}"},"query-input":{"@type":"PropertyValueSpecification","valueRequired":true,"valueName":"search_term_string"}}],"inLanguage":"en-US"},{"@type":"Organization","@id":"https:\/\/notartrebisov.sk\/#organization","name":"Not\u00e1rsky \u00farad JUDr. Martin Seleck\u00fd a JUDr. Zuzana Sabov\u00e1","url":"https:\/\/notartrebisov.sk\/","logo":{"@type":"ImageObject","inLanguage":"en-US","@id":"https:\/\/notartrebisov.sk\/#\/schema\/logo\/image\/","url":"https:\/\/notartrebisov.sk\/wp-content\/uploads\/2023\/11\/logo.jpg","contentUrl":"https:\/\/notartrebisov.sk\/wp-content\/uploads\/2023\/11\/logo.jpg","width":130,"height":130,"caption":"Not\u00e1rsky \u00farad JUDr. Martin Seleck\u00fd a JUDr. Zuzana Sabov\u00e1"},"image":{"@id":"https:\/\/notartrebisov.sk\/#\/schema\/logo\/image\/"},"sameAs":["https:\/\/www.facebook.com\/p\/Not\u00e1rsky-\u00farad-JUDr-Martin-Seleck\u00fd-a-JUDr-Zuzana-Sabov\u00e1-100063483075999\/"]}]}},"_links":{"self":[{"href":"https:\/\/notartrebisov.sk\/en\/wp-json\/wp\/v2\/pages\/303","targetHints":{"allow":["GET"]}}],"collection":[{"href":"https:\/\/notartrebisov.sk\/en\/wp-json\/wp\/v2\/pages"}],"about":[{"href":"https:\/\/notartrebisov.sk\/en\/wp-json\/wp\/v2\/types\/page"}],"author":[{"embeddable":true,"href":"https:\/\/notartrebisov.sk\/en\/wp-json\/wp\/v2\/users\/1"}],"replies":[{"embeddable":true,"href":"https:\/\/notartrebisov.sk\/en\/wp-json\/wp\/v2\/comments?post=303"}],"version-history":[{"count":2,"href":"https:\/\/notartrebisov.sk\/en\/wp-json\/wp\/v2\/pages\/303\/revisions"}],"predecessor-version":[{"id":391,"href":"https:\/\/notartrebisov.sk\/en\/wp-json\/wp\/v2\/pages\/303\/revisions\/391"}],"up":[{"embeddable":true,"href":"https:\/\/notartrebisov.sk\/en\/wp-json\/wp\/v2\/pages\/289"}],"wp:attachment":[{"href":"https:\/\/notartrebisov.sk\/en\/wp-json\/wp\/v2\/media?parent=303"}],"curies":[{"name":"wp","href":"https:\/\/api.w.org\/{rel}","templated":true}]}}